

{"id":3256,"date":"2020-09-24T21:21:52","date_gmt":"2020-09-24T19:21:52","guid":{"rendered":"http:\/\/pgk.przemysl.pl\/?page_id=3256"},"modified":"2022-04-15T07:51:12","modified_gmt":"2022-04-15T05:51:12","slug":"deklaracja-dostepnosci-dla-harmonogramow-odbioru-odpadow","status":"publish","type":"page","link":"http:\/\/pgk.przemysl.pl\/index.php\/deklaracja-dostepnosci-dla-harmonogramow-odbioru-odpadow\/","title":{"rendered":"Deklaracja dost\u0119pno\u015bci dla harmonogram\u00f3w odbioru odpad\u00f3w"},"content":{"rendered":"\n<p id=\"block-dc74d729-f3d7-487d-854f-cdb8bcfdfe4f\"><strong><br>Przemyska Gospodarka Komunalna Sp. z o.o.<\/strong>&nbsp;zobowi\u0105zuje si\u0119 zapewni\u0107 dost\u0119pno\u015b\u0107 swojej strony internetowej zgodnie z ustaw\u0105 z dnia 4 kwietnia 2019 r. o dost\u0119pno\u015bci cyfrowej stron internetowych i aplikacji mobilnych podmiot\u00f3w publicznych. O\u015bwiadczenie w sprawie dost\u0119pno\u015bci ma zastosowanie do strony internetowej&nbsp;<a rel=\"noreferrer noopener\" href=\"http:\/\/www.pgk.przemysl.pl\/\" target=\"_blank\">Przemyskiej Gospodarki Komunalnej Sp. z o.o. z siedzib\u0105 w Przemy\u015blu<\/a><\/p>\n\n\n\n<h3 id=\"block-24ab0790-f5f9-49a3-ad7b-af9b136afef0\"><strong>Daty publikacji i aktualizacji<\/strong><\/h3>\n\n\n\n<hr class=\"wp-block-separator\"\/>\n\n\n\n<p id=\"block-ff99317a-c1ec-4a97-9e38-e1c22f7828c1\">Data publikacji strony internetowej: 14-09-2020<br>Data ostatniej istotnej aktualizacji: 14-09-2020<\/p>\n\n\n\n<h3 id=\"block-e911b63b-665f-4f65-abda-f2857e371775\"><strong>Status pod wzgl\u0119dem zgodno\u015bci z ustaw\u0105<\/strong><\/h3>\n\n\n\n<hr class=\"wp-block-separator\"\/>\n\n\n\n<p>Strona internetowa jest cz\u0119\u015bciowo zgodna z ustaw\u0105 z dnia 4 kwietnia 2019 r. o dost\u0119pno\u015bci cyfrowej stron internetowych i aplikacji mobilnych podmiot\u00f3w publicznych z powodu niezgodno\u015bci lub wy\u0142\u0105cze\u0144 wymienionych poni\u017cej:<\/p>\n\n\n\n<p>&#8211; brak odpowiedniej struktury nag\u0142\u00f3wkowej artyku\u0142\u00f3w,<br>&#8211; brak opis\u00f3w zdj\u0119\u0107, tekstu alternatywnego oraz elementu na pierwszej stronie (przesuwane zdj\u0119cia) dla czytnik\u00f3w obs\u0142ugiwanych przez osoby niepe\u0142nosprawne,<br>&#8211; dokumenty PDF nie s\u0105 w ca\u0142o\u015bci poprawnie odczytywane przez programy dla os\u00f3b niewidz\u0105cych (np. nieprawid\u0142owo przygotowane tabele, obrazki, itp.),<br>&#8211; linki prowadz\u0105ce do materia\u0142\u00f3w na innych stronach\/podstronach nie zawieraj\u0105 tre\u015bci tekstowej, kt\u00f3r\u0105 mog\u0105 odczyta\u0107 programy dla niepe\u0142nosprawnych,<br>&#8211; brak tytu\u0142u w zagnie\u017cd\u017conych ramkach tzw. frame i iframe,<br>&#8211; brak mapy serwisu.<\/p>\n\n\n\n<p><br>Wy\u0142\u0105czenia:<br>&#8211; mapy s\u0105 wy\u0142\u0105czone z obowi\u0105zku zapewniania dost\u0119pno\u015bci.<br><br>O\u015bwiadczenie sporz\u0105dzono dnia: 2020-09-14<br><br>Deklaracj\u0119 sporz\u0105dzono na podstawie samooceny przeprowadzonej przez podmiot publiczny.<\/p>\n\n\n\n<h3 id=\"block-e702a3b1-fb23-4d6a-89bd-40d5dbaa6fee\"><strong>Skr\u00f3ty klawiaturowe<\/strong><\/h3>\n\n\n\n<hr class=\"wp-block-separator\"\/>\n\n\n\n<p id=\"block-9b0d54b5-29a5-4dfd-8df0-3a958a876806\">Strona internetowa nie jest wyposa\u017cona w skr\u00f3ty klawiaturowe, kt\u00f3re mog\u0142yby wchodzi\u0107 w konflikt z technologiami asystuj\u0105cymi (np. programy czytaj\u0105ce), systemem lub aplikacjami u\u017cytkownik\u00f3w.<br><br>Mo\u017cna u\u017cywa\u0107 standardowych skr\u00f3t\u00f3w klawiaturowych przegl\u0105darki.<\/p>\n\n\n\n<h3 id=\"block-79f3537a-c720-4992-84ba-c6c7a5649cd6\"><strong>Informacje zwrotne i dane kontaktowe<\/strong><\/h3>\n\n\n\n<hr class=\"wp-block-separator\"\/>\n\n\n\n<p id=\"block-93f5e2b6-8c73-47ed-846c-07d84dc47e9a\">W przypadku problem\u00f3w z dost\u0119pno\u015bci\u0105 strony internetowej prosimy o kontakt. Osob\u0105 kontaktow\u0105 jest Grzegorz Hornecki, email: sekretariat@pgk.przemysl.pl<br>Kontaktowa\u0107 mo\u017cna si\u0119 tak\u017ce dzwoni\u0105c na numer telefonu 16 678 24 84. T\u0105 sam\u0105 drog\u0105 mo\u017cna sk\u0142ada\u0107 wnioski o udost\u0119pnienie informacji niedost\u0119pnej oraz sk\u0142ada\u0107 \u017c\u0105dania zapewnienia dost\u0119pno\u015bci.<br><br>Ka\u017cdy ma prawo do wyst\u0105pienia z \u017c\u0105daniem zapewnienia dost\u0119pno\u015bci cyfrowej strony internetowej, aplikacji mobilnej lub jakiego\u015b ich elementu.<br><br>Mo\u017cna tak\u017ce za\u017c\u0105da\u0107 udost\u0119pnienia informacji za pomoc\u0105 alternatywnego sposobu dost\u0119pu, na przyk\u0142ad przez odczytanie niedost\u0119pnego cyfrowo dokumentu, opisanie zawarto\u015bci filmu bez audiodeskrypcji itp. \u017b\u0105danie powinno zawiera\u0107 dane osoby zg\u0142aszaj\u0105cej \u017c\u0105danie, wskazanie, o kt\u00f3r\u0105 stron\u0119 internetow\u0105 lub aplikacj\u0119 mobiln\u0105 chodzi oraz spos\u00f3b kontaktu. Je\u017celi osoba \u017c\u0105daj\u0105ca zg\u0142asza potrzeb\u0119 otrzymania informacji za pomoc\u0105 alternatywnego sposobu dost\u0119pu, powinna tak\u017ce okre\u015bli\u0107 dogodny dla niej spos\u00f3b przedstawienia tej informacji.<br><br>Podmiot publiczny powinien zrealizowa\u0107 \u017c\u0105danie niezw\u0142ocznie, nie p\u00f3\u017aniej ni\u017c w ci\u0105gu 7 dni od dnia wyst\u0105pienia z \u017c\u0105daniem. Je\u017celi dotrzymanie tego terminu nie jest mo\u017cliwe, podmiot publiczny niezw\u0142ocznie informuje o tym wnosz\u0105cego \u017c\u0105danie, kiedy realizacja \u017c\u0105dania b\u0119dzie mo\u017cliwa, przy czym termin ten nie mo\u017ce by\u0107 d\u0142u\u017cszy ni\u017c 2 miesi\u0105ce od dnia wyst\u0105pienia z \u017c\u0105daniem. Je\u017celi zapewnienie dost\u0119pno\u015bci cyfrowej nie jest mo\u017cliwe, podmiot publiczny mo\u017ce zaproponowa\u0107 alternatywny spos\u00f3b dost\u0119pu do informacji.<br><br>W przypadku, gdy podmiot publiczny odm\u00f3wi realizacji \u017c\u0105dania zapewnienia dost\u0119pno\u015bci lub alternatywnego sposobu dost\u0119pu do informacji, wnosz\u0105cy \u017c\u0105danie mo\u017cne z\u0142o\u017cy\u0107 skarg\u0119 w sprawie zapewniana dost\u0119pno\u015bci cyfrowej strony internetowej, aplikacji mobilnej lub elementu strony internetowej, lub aplikacji mobilnej. Po wyczerpaniu wskazanej wy\u017cej procedury mo\u017cna tak\u017ce z\u0142o\u017cy\u0107 wniosek do Rzecznika Praw Obywatelskich.<br><br>Link do strony internetowej&nbsp;<a rel=\"noreferrer noopener\" href=\"https:\/\/www.rpo.gov.pl\/\" target=\"_blank\">Rzecznika Praw Obywatelskich<\/a><\/p>\n\n\n\n<h3 id=\"block-92407b81-fc5c-4757-9764-248464c12e94\"><strong>Dost\u0119pno\u015b\u0107 architektoniczna<\/strong><\/h3>\n\n\n\n<hr class=\"wp-block-separator\"\/>\n\n\n\n<p id=\"block-e0b138ea-2835-4472-bccb-df46576cb998\"><strong>Budynek biurowy przy ul. S\u0142owackiego 104, 37-700 Przemy\u015bl (siedziba g\u0142\u00f3wna)<\/strong><br><br>Budynek posiada trzy wej\u015bcia:<br>&#8211; g\u0142\u00f3wne od ul. S\u0142owackiego wprost z parkingu,<br>&#8211; boczne od strony Cmentarza G\u0142\u00f3wnego,<br>&#8211; od strony wewn\u0119trznej budynku (do u\u017cytku s\u0142u\u017cbowego)<br>Do wej\u015b\u0107 prowadz\u0105 schody. Wej\u015bcia wyposa\u017cone s\u0105 w standardowe drzwi. Wej\u015bcie boczne od strony Cmentarza G\u0142\u00f3wnego posiada podjazd dla os\u00f3b niepe\u0142nosprawnych.<br>Wej\u015bcia nie s\u0105 zabezpieczone bramkami.<br>Budynek ma dwie kondygnacje i jedn\u0105 klatk\u0119 schodow\u0105.<br>Budynek nie posiada:<br>&#8211; windy,<br>&#8211; toalet z udogodnieniami dla os\u00f3b niepe\u0142nosprawnych.<br>Na parterze znajduje si\u0119 czytelna tablica informacyjna z nazwami stanowisk pracy i numerami pokoi.<br>Sekretariat zlokalizowany jest na pi\u0119trze.<br>Przy budynku znajduj\u0105 si\u0119 og\u00f3lnodost\u0119pne miejsca parkingowe, brak wydzielonych miejsc dla os\u00f3b niepe\u0142nosprawnych.<br>Na teren budynku mo\u017cna wej\u015b\u0107 z psem asystuj\u0105cym oraz psem przewodnikiem.<br>Brak dodatkowych dostosowa\u0144 wewn\u0105trz budynku.<br>Obs\u0142uga os\u00f3b niepe\u0142nosprawnych ruchowo, poruszaj\u0105cych si\u0119 na w\u00f3zkach inwalidzkich mo\u017ce odbywa\u0107 si\u0119 po wcze\u015bniejszym um\u00f3wieniu terminu.<br>W budynku nie ma t\u0142umacza j\u0119zyka migowego, ani mo\u017cliwo\u015bci skorzystania z us\u0142ugi t\u0142umacza on-line.<\/p>\n\n\n\n<hr class=\"wp-block-separator\"\/>\n\n\n\n<p id=\"block-fd7376a1-c933-4705-b3a0-3c2261fa8fbd\"><strong>Biuro Administracji Targowisk Miejskich przy ulicy Sportowej 5, 37-700 Przemy\u015bl<\/strong><br><br>Budynek posiada jedno wej\u015bcie z poziomu gruntu.<br>Wej\u015bcie wyposa\u017cone jest w standardowe drzwi.<br>Wej\u015bcie nie jest zabezpieczone bramk\u0105.<br>Budynek posiada jedn\u0105 kondygnacj\u0119.<br>Dla os\u00f3b na w\u00f3zkach inwalidzkich w budynku dost\u0119pny jest korytarz i pomieszczenie biurowe.<br>Budynek nie posiada toalety z udogodnieniami dla os\u00f3b niepe\u0142nosprawnych.<br>Przy budynku znajduj\u0105 si\u0119 og\u00f3lnodost\u0119pne p\u0142atne miejsca parkingowe, brak wydzielonych miejsc dla os\u00f3b niepe\u0142nosprawnych.<br>Na teren budynku mo\u017cna wej\u015b\u0107 z psem asystuj\u0105cym oraz psem przewodnikiem.<br>Brak dodatkowych dostosowa\u0144 wewn\u0105trz budynku.<br>W budynku nie ma t\u0142umacza j\u0119zyka migowego, ani mo\u017cliwo\u015bci skorzystania z us\u0142ugi t\u0142umacza on-line.<\/p>\n\n\n\n<hr class=\"wp-block-separator\"\/>\n\n\n\n<p id=\"block-042ecced-a154-43dc-9d5b-e60502e9a886\"><strong>Punkt Selektywnej Zbi\u00f3rki Odpad\u00f3w Komunalnych przy ulicy Sportowej 1 (wjazd od ulicy Wilsona), 37-700 Przemy\u015bl<\/strong><br><br>Budynek posiada jedno wej\u015bcie z poziomu gruntu.<br>Wej\u015bcie wyposa\u017cone jest w standardowe drzwi.<br>Wej\u015bcie nie jest zabezpieczone bramk\u0105.<br>Budynek posiada jedn\u0105 kondygnacj\u0119.<br>Budynek jest dost\u0119pny dla os\u00f3b na w\u00f3zkach inwalidzkich.<br>Budynek nie posiada toalety z udogodnieniami dla os\u00f3b niepe\u0142nosprawnych.<br>Przy budynku znajduj\u0105 si\u0119 og\u00f3lnodost\u0119pne miejsca parkingowe, brak wydzielonych miejsc parkingowych dla os\u00f3b niepe\u0142nosprawnych.<br>Na teren budynku mo\u017cna wej\u015b\u0107 z psem asystuj\u0105cym oraz psem przewodnikiem.<br>Brak dodatkowych dostosowa\u0144 wewn\u0105trz budynku.<br>W budynku nie ma t\u0142umacza j\u0119zyka migowego, ani mo\u017cliwo\u015bci skorzystania z us\u0142ugi t\u0142umacza on-line.<\/p>\n","protected":false},"excerpt":{"rendered":"<p>Przemyska Gospodarka Komunalna Sp. z o.o.&nbsp;zobowi\u0105zuje si\u0119 zapewni\u0107 dost\u0119pno\u015b\u0107 swojej strony internetowej zgodnie z ustaw\u0105 z dnia 4 kwietnia 2019 r. o dost\u0119pno\u015bci cyfrowej stron internetowych i aplikacji mobilnych podmiot\u00f3w publicznych. O\u015bwiadczenie w sprawie dost\u0119pno\u015bci ma zastosowanie do strony internetowej&nbsp;Przemyskiej Gospodarki Komunalnej Sp. z o.o. z siedzib\u0105 w Przemy\u015blu Daty publikacji i aktualizacji Data publikacji [&hellip;]<\/p>\n","protected":false},"author":1,"featured_media":0,"parent":0,"menu_order":0,"comment_status":"closed","ping_status":"closed","template":"","meta":[],"_links":{"self":[{"href":"http:\/\/pgk.przemysl.pl\/index.php\/wp-json\/wp\/v2\/pages\/3256"}],"collection":[{"href":"http:\/\/pgk.przemysl.pl\/index.php\/wp-json\/wp\/v2\/pages"}],"about":[{"href":"http:\/\/pgk.przemysl.pl\/index.php\/wp-json\/wp\/v2\/types\/page"}],"author":[{"embeddable":true,"href":"http:\/\/pgk.przemysl.pl\/index.php\/wp-json\/wp\/v2\/users\/1"}],"replies":[{"embeddable":true,"href":"http:\/\/pgk.przemysl.pl\/index.php\/wp-json\/wp\/v2\/comments?post=3256"}],"version-history":[{"count":4,"href":"http:\/\/pgk.przemysl.pl\/index.php\/wp-json\/wp\/v2\/pages\/3256\/revisions"}],"predecessor-version":[{"id":3407,"href":"http:\/\/pgk.przemysl.pl\/index.php\/wp-json\/wp\/v2\/pages\/3256\/revisions\/3407"}],"wp:attachment":[{"href":"http:\/\/pgk.przemysl.pl\/index.php\/wp-json\/wp\/v2\/media?parent=3256"}],"curies":[{"name":"wp","href":"https:\/\/api.w.org\/{rel}","templated":true}]}}