

{"id":3097,"date":"2020-09-14T19:13:39","date_gmt":"2020-09-14T17:13:39","guid":{"rendered":"http:\/\/pgk.przemysl.pl\/?page_id=3097"},"modified":"2026-01-21T12:23:45","modified_gmt":"2026-01-21T11:23:45","slug":"harmonogramy-odbioru-odpadow","status":"publish","type":"page","link":"http:\/\/pgk.przemysl.pl\/index.php\/harmonogramy-odbioru-odpadow\/","title":{"rendered":"Harmonogramy odbioru odpad\u00f3w"},"content":{"rendered":"\n<figure class=\"wp-block-image\"><img src=\"http:\/\/pgk.przemysl.pl\/harmonogramy\/wp-content\/uploads\/baner.jpg\" alt=\"Banner Start\"\/><\/figure>\n\n\n\n<h2 class=\"has-text-align-center\">Harmonogramy odbioru odpad\u00f3w<br>na rok 2026<\/h2>\n\n\n\n<p>SELEKTYWNA ZBI\u00d3RKA ODPAD\u00d3W KOMUNALNYCH NA TERENIE ZABUDOWY WIELORODZINNEJ (tj. takiej w kt\u00f3rych jest wi\u0119cej ni\u017c 4 lokale mieszkalne) Z MIASTA PRZEMY\u015aLA W ROKU 2026 REALIZOWANA B\u0118DZIE:<\/p>\n\n\n\n<p><strong>&#8211; PLASTIK&nbsp;<\/strong>(CENTRUM i POZOSTA\u0141E DZIELNICE + ZASANIE) &#8211;&nbsp;<strong>PONIEDZIA\u0141EK, CZWARTEK<\/strong><br><strong>&#8211; MAKULATURA&nbsp;<\/strong>(CENTRUM i&nbsp;POZOSTA\u0141E DZIELNICE + ZASANIE) &#8211;<strong>&nbsp;WTOREK, PI\u0104TEK<\/strong><br><strong>&#8211; SZK\u0141O&nbsp;<\/strong>(CETRUM i&nbsp;POZOSTA\u0141E DZIELNICE) &#8211;<strong>&nbsp;II i Ostatnia \u015aRODA<\/strong><br><strong>&#8211; SZK\u0141O&nbsp;<\/strong>(ZASANIE) &#8211;<strong>&nbsp;I i III \u015aRODA<\/strong><br><strong>&#8211; GABARYTY, ZSEiE &#8211; zgodnie z harmonogramem jak dla zabudowy jednorodzinnej<\/strong><br><strong>&#8211; ZIELONE&nbsp;<\/strong>(CENTRUM i POZOSTA\u0141E DZIELNICE + ZASANIE) &#8211;<strong>&nbsp;PONIEDZIA\u0141EK, CZWARTEK<\/strong><br><strong>&#8211; KUCHENNE <\/strong>(CENTRUM i POZOSTA\u0141E DZIELNICE + ZASANIE) &#8211;<strong>&nbsp;PONIEDZIA\u0141EK, CZWARTEK<\/strong><\/p>\n\n\n\n<p><strong>Harmonogramy mo\u017cna wy\u015bwietli\u0107 w przegl\u0105darce internetowej lub pobra\u0107 jako plik PDF do podgl\u0105du na komputerze oraz do wydruku.<\/strong><\/p>\n\n\n\n<hr class=\"wp-block-separator\"\/>\n\n\n\n<div class=\"wp-block-buttons\">\n<div class=\"wp-block-button\"><a class=\"wp-block-button__link\" href=\"http:\/\/pgk.przemysl.pl\/index.php\/deklaracja-dostepnosci-dla-harmonogramow-odbioru-odpadow\/\">Deklaracja dost\u0119pno\u015bci dla harmonogram\u00f3w<\/a><\/div>\n<\/div>\n\n\n\n<hr class=\"wp-block-separator\"\/>\n\n\n\n<p>Harmonogramy wywozu odpad\u00f3w komunalnych w 2026 roku na stronie Smart City Przemy\u015bl:<\/p>\n\n\n\n<p><strong><a href=\"https:\/\/smart.przemysl.eu\/57305\/harmonogram-wywozu-odpadow.html\" data-type=\"URL\" data-id=\"https:\/\/smart.przemysl.eu\/57305\/harmonogram-wywozu-odpadow.html\">Smart City Przemy\u015bl &#8211; Harmonogramy 2026<\/a><\/strong><\/p>\n\n\n\n<p><strong><span class=\"has-inline-color has-vivid-red-color\">UWAGA! <\/span><\/strong><\/p>\n\n\n\n<p><span class=\"has-inline-color has-vivid-red-color\"><strong>Wystawianie odpad\u00f3w powinno nast\u0105pi\u0107 w dniu odbioru odpad\u00f3w &#8211; zgodnie z harmonogramem nie p\u00f3\u017aniej ni\u017c do godz.7.00 w miejscu widocznym przed nieruchomo\u015bci\u0105 lub w innym miejscu uzgodnionym z podmiotem odbieraj\u0105cym odpady, do kt\u00f3rego mo\u017cna dojecha\u0107 drog\u0105 o trwa\u0142ej nawierzchni, w spos\u00f3b bezpieczny pojazdami odbieraj\u0105cymi odpady.<\/strong><\/span><\/p>\n\n\n\n<p><strong><span class=\"has-inline-color has-vivid-red-color\">Odbi\u00f3r odpad\u00f3w odbywa si\u0119 w dni robocze. W przypadku, gdy dzie\u0144 odbioru przypada na dzie\u0144 ustawowo wolny od pracy, dniem odbioru odpad\u00f3w s\u0105 pierwsze dwa dni robocze nast\u0119puj\u0105ce po dniu wolnym. <\/span><\/strong><\/p>\n\n\n\n<p><strong><span class=\"has-inline-color has-vivid-red-color\">W przypadku niekorzystnych warunk\u00f3w atmosferycznych w okresie zimowym, zwi\u0105zanych z brakiem mo\u017cliwo\u015bci bezpiecznego dojazdu do nieruchomo\u015bci, odpady mog\u0105 by\u0107 odebrane z op\u00f3\u017anieniem.<\/span><\/strong><\/p>\n","protected":false},"excerpt":{"rendered":"<p>Harmonogramy odbioru odpad\u00f3wna rok 2026 SELEKTYWNA ZBI\u00d3RKA ODPAD\u00d3W KOMUNALNYCH NA TERENIE ZABUDOWY WIELORODZINNEJ (tj. takiej w kt\u00f3rych jest wi\u0119cej ni\u017c 4 lokale mieszkalne) Z MIASTA PRZEMY\u015aLA W ROKU 2026 REALIZOWANA B\u0118DZIE: &#8211; PLASTIK&nbsp;(CENTRUM i POZOSTA\u0141E DZIELNICE + ZASANIE) &#8211;&nbsp;PONIEDZIA\u0141EK, CZWARTEK&#8211; MAKULATURA&nbsp;(CENTRUM i&nbsp;POZOSTA\u0141E DZIELNICE + ZASANIE) &#8211;&nbsp;WTOREK, PI\u0104TEK&#8211; SZK\u0141O&nbsp;(CETRUM i&nbsp;POZOSTA\u0141E DZIELNICE) &#8211;&nbsp;II i Ostatnia \u015aRODA&#8211; SZK\u0141O&nbsp;(ZASANIE) [&hellip;]<\/p>\n","protected":false},"author":1,"featured_media":0,"parent":0,"menu_order":0,"comment_status":"closed","ping_status":"closed","template":"","meta":[],"_links":{"self":[{"href":"http:\/\/pgk.przemysl.pl\/index.php\/wp-json\/wp\/v2\/pages\/3097"}],"collection":[{"href":"http:\/\/pgk.przemysl.pl\/index.php\/wp-json\/wp\/v2\/pages"}],"about":[{"href":"http:\/\/pgk.przemysl.pl\/index.php\/wp-json\/wp\/v2\/types\/page"}],"author":[{"embeddable":true,"href":"http:\/\/pgk.przemysl.pl\/index.php\/wp-json\/wp\/v2\/users\/1"}],"replies":[{"embeddable":true,"href":"http:\/\/pgk.przemysl.pl\/index.php\/wp-json\/wp\/v2\/comments?post=3097"}],"version-history":[{"count":21,"href":"http:\/\/pgk.przemysl.pl\/index.php\/wp-json\/wp\/v2\/pages\/3097\/revisions"}],"predecessor-version":[{"id":3564,"href":"http:\/\/pgk.przemysl.pl\/index.php\/wp-json\/wp\/v2\/pages\/3097\/revisions\/3564"}],"wp:attachment":[{"href":"http:\/\/pgk.przemysl.pl\/index.php\/wp-json\/wp\/v2\/media?parent=3097"}],"curies":[{"name":"wp","href":"https:\/\/api.w.org\/{rel}","templated":true}]}}