

{"id":3094,"date":"2020-09-14T19:11:51","date_gmt":"2020-09-14T17:11:51","guid":{"rendered":"http:\/\/pgk.przemysl.pl\/?page_id=3094"},"modified":"2025-12-03T08:19:47","modified_gmt":"2025-12-03T07:19:47","slug":"prowadzenie-pszok-u","status":"publish","type":"page","link":"http:\/\/pgk.przemysl.pl\/index.php\/prowadzenie-pszok-u\/","title":{"rendered":"Prowadzenie PSZOK-u"},"content":{"rendered":"\n<p>PSZOK &#8211; Punkt Selektywnej Zbi\u00f3rki Odpad\u00f3w Komunalnych, nale\u017c\u0105cy do Gminy Miejskiej Przemy\u015bl, znajduje si\u0119 przy ulicy Sportowej 1A w Przemy\u015blu (wjazd od ulicy Willsona). <br><br>Na zlecenie Gminy Miejskiej Przemy\u015bl PSZOK prowadzi Przemyska Gospodarka Komunalna Sp. z o.o. z siedzib\u0105 w Przemy\u015blu ul. S\u0142owackiego 104 <\/p>\n\n\n\n<p>tel. 602 409 198 (w godz. pracy PSZOK), 16\/ 678 24 84,                                     e-mail: sekretariat@pgk.przemysl.pl<br><br>PSZOK przyjmuje nieodp\u0142atnie selektywnie zebrane odpady komunalne wytwarzane przez mieszka\u0144c\u00f3w miasta Przemy\u015bla i Gminy Przemy\u015bl na zasadach okre\u015blonych w regulaminie.<br>Regulamin PSZOK do pobrania:<\/p>\n\n\n\n<div class=\"wp-block-file\"><a href=\"http:\/\/pgk.przemysl.pl\/wp-content\/uploads\/2025\/12\/Zalacznik-nr-1-439_2025.docx\">Regulamin PSZOK<\/a><a href=\"http:\/\/pgk.przemysl.pl\/wp-content\/uploads\/2025\/12\/Zalacznik-nr-1-439_2025.docx\" class=\"wp-block-file__button\" download>Pobierz<\/a><\/div>\n\n\n\n<p><br>PSZOK nie przyjmuje zmieszanych odpad\u00f3w komunalnych oraz odpad\u00f3w powsta\u0142ych z dzia\u0142alno\u015bci gospodarczej.<\/p>\n\n\n\n<p>PSZOK prowadzi sta\u0142\u0105 sprzeda\u017c work\u00f3w do sortowania odpad\u00f3w komunalnych w atrakcyjnych cenach.<\/p>\n\n\n\n<figure class=\"wp-block-image size-large\"><img loading=\"lazy\" width=\"1040\" height=\"780\" src=\"http:\/\/pgk.przemysl.pl\/wp-content\/uploads\/2020\/09\/P8240221-1040x780.jpg\" alt=\"\" class=\"wp-image-3205\" srcset=\"http:\/\/pgk.przemysl.pl\/wp-content\/uploads\/2020\/09\/P8240221-1040x780.jpg 1040w, http:\/\/pgk.przemysl.pl\/wp-content\/uploads\/2020\/09\/P8240221-400x300.jpg 400w, http:\/\/pgk.przemysl.pl\/wp-content\/uploads\/2020\/09\/P8240221-768x576.jpg 768w, http:\/\/pgk.przemysl.pl\/wp-content\/uploads\/2020\/09\/P8240221-1536x1152.jpg 1536w, http:\/\/pgk.przemysl.pl\/wp-content\/uploads\/2020\/09\/P8240221-2048x1536.jpg 2048w\" sizes=\"(max-width: 1040px) 100vw, 1040px\" \/><\/figure>\n\n\n\n<figure class=\"wp-block-image size-large\"><img loading=\"lazy\" width=\"1040\" height=\"780\" src=\"http:\/\/pgk.przemysl.pl\/wp-content\/uploads\/2020\/09\/P8240217-1040x780.jpg\" alt=\"\" class=\"wp-image-3204\" srcset=\"http:\/\/pgk.przemysl.pl\/wp-content\/uploads\/2020\/09\/P8240217-1040x780.jpg 1040w, http:\/\/pgk.przemysl.pl\/wp-content\/uploads\/2020\/09\/P8240217-400x300.jpg 400w, http:\/\/pgk.przemysl.pl\/wp-content\/uploads\/2020\/09\/P8240217-768x576.jpg 768w, http:\/\/pgk.przemysl.pl\/wp-content\/uploads\/2020\/09\/P8240217-1536x1152.jpg 1536w, http:\/\/pgk.przemysl.pl\/wp-content\/uploads\/2020\/09\/P8240217-2048x1536.jpg 2048w\" sizes=\"(max-width: 1040px) 100vw, 1040px\" \/><\/figure>\n\n\n\n<div class=\"wp-block-image\"><figure class=\"aligncenter\"><img src=\"http:\/\/pgk.przemysl.pl\/img\/pszok02.jpg\" alt=\"#\"\/><\/figure><\/div>\n\n\n\n<div class=\"wp-block-image\"><figure class=\"aligncenter\"><img src=\"http:\/\/pgk.przemysl.pl\/img\/pszok03.jpg\" alt=\"#\"\/><\/figure><\/div>\n\n\n\n<p>PSZOK prowadzi sta\u0142\u0105 sprzeda\u017c work\u00f3w do sortowania odpad\u00f3w komunalnych w atrakcyjnych cenach.<\/p>\n\n\n\n<figure class=\"wp-block-image size-large\"><img loading=\"lazy\" width=\"1170\" height=\"772\" src=\"http:\/\/pgk.przemysl.pl\/wp-content\/uploads\/2020\/09\/worki-1170x772.jpg\" alt=\"\" class=\"wp-image-3230\" srcset=\"http:\/\/pgk.przemysl.pl\/wp-content\/uploads\/2020\/09\/worki-1170x772.jpg 1170w, http:\/\/pgk.przemysl.pl\/wp-content\/uploads\/2020\/09\/worki-455x300.jpg 455w, http:\/\/pgk.przemysl.pl\/wp-content\/uploads\/2020\/09\/worki-768x507.jpg 768w, http:\/\/pgk.przemysl.pl\/wp-content\/uploads\/2020\/09\/worki-1536x1013.jpg 1536w, http:\/\/pgk.przemysl.pl\/wp-content\/uploads\/2020\/09\/worki-2048x1351.jpg 2048w\" sizes=\"(max-width: 1170px) 100vw, 1170px\" \/><\/figure>\n\n\n\n<p><\/p>\n\n\n\n<p>Poradnik dla mieszka\u0144c\u00f3w Miasta do pobrania:<\/p>\n\n\n\n<div class=\"wp-block-buttons\">\n<div class=\"wp-block-button\"><a class=\"wp-block-button__link\" href=\"http:\/\/pgk.przemysl.pl\/wp-content\/uploads\/2020\/09\/poradnik-dla-mieszkancow-miasta.pdf\" target=\"_blank\" rel=\"noreferrer noopener\">Poradnik dla mieszka\u0144c\u00f3w<\/a><\/div>\n<\/div>\n","protected":false},"excerpt":{"rendered":"<p>PSZOK &#8211; Punkt Selektywnej Zbi\u00f3rki Odpad\u00f3w Komunalnych, nale\u017c\u0105cy do Gminy Miejskiej Przemy\u015bl, znajduje si\u0119 przy ulicy Sportowej 1A w Przemy\u015blu (wjazd od ulicy Willsona). Na zlecenie Gminy Miejskiej Przemy\u015bl PSZOK prowadzi Przemyska Gospodarka Komunalna Sp. z o.o. z siedzib\u0105 w Przemy\u015blu ul. S\u0142owackiego 104 tel. 602 409 198 (w godz. pracy PSZOK), 16\/ 678 24 [&hellip;]<\/p>\n","protected":false},"author":1,"featured_media":0,"parent":0,"menu_order":0,"comment_status":"closed","ping_status":"closed","template":"","meta":[],"_links":{"self":[{"href":"http:\/\/pgk.przemysl.pl\/index.php\/wp-json\/wp\/v2\/pages\/3094"}],"collection":[{"href":"http:\/\/pgk.przemysl.pl\/index.php\/wp-json\/wp\/v2\/pages"}],"about":[{"href":"http:\/\/pgk.przemysl.pl\/index.php\/wp-json\/wp\/v2\/types\/page"}],"author":[{"embeddable":true,"href":"http:\/\/pgk.przemysl.pl\/index.php\/wp-json\/wp\/v2\/users\/1"}],"replies":[{"embeddable":true,"href":"http:\/\/pgk.przemysl.pl\/index.php\/wp-json\/wp\/v2\/comments?post=3094"}],"version-history":[{"count":17,"href":"http:\/\/pgk.przemysl.pl\/index.php\/wp-json\/wp\/v2\/pages\/3094\/revisions"}],"predecessor-version":[{"id":3555,"href":"http:\/\/pgk.przemysl.pl\/index.php\/wp-json\/wp\/v2\/pages\/3094\/revisions\/3555"}],"wp:attachment":[{"href":"http:\/\/pgk.przemysl.pl\/index.php\/wp-json\/wp\/v2\/media?parent=3094"}],"curies":[{"name":"wp","href":"https:\/\/api.w.org\/{rel}","templated":true}]}}