

{"id":2980,"date":"2020-09-13T08:53:44","date_gmt":"2020-09-13T06:53:44","guid":{"rendered":"http:\/\/pgk.przemysl.pl\/?page_id=2980"},"modified":"2026-03-16T08:53:27","modified_gmt":"2026-03-16T07:53:27","slug":"wynajem-sprzetu","status":"publish","type":"page","link":"http:\/\/pgk.przemysl.pl\/index.php\/wynajem-sprzetu\/","title":{"rendered":"Wynajem sprz\u0119tu"},"content":{"rendered":"\n<p><strong>Oferujemy \u015bwiadczenie<\/strong> <strong>us\u0142ug polegaj\u0105cych na wynajmie kontener\u00f3w na odpady komunalne zmieszane i odpady budowlane wraz                            z transportem i utylizacj\u0105 odpad\u00f3w<\/strong><\/p>\n\n\n\n<p><strong>\u00a0Telefon:  16\/ 678 24 38<\/strong>, <strong>kom. 883 329 768<\/strong><\/p>\n\n\n\n<figure class=\"wp-block-image size-large\"><img loading=\"lazy\" width=\"1170\" height=\"592\" src=\"http:\/\/pgk.przemysl.pl\/wp-content\/uploads\/2020\/09\/ws1-1170x592.jpg\" alt=\"\" class=\"wp-image-3190\" srcset=\"http:\/\/pgk.przemysl.pl\/wp-content\/uploads\/2020\/09\/ws1-1170x592.jpg 1170w, http:\/\/pgk.przemysl.pl\/wp-content\/uploads\/2020\/09\/ws1-593x300.jpg 593w, http:\/\/pgk.przemysl.pl\/wp-content\/uploads\/2020\/09\/ws1-768x389.jpg 768w, http:\/\/pgk.przemysl.pl\/wp-content\/uploads\/2020\/09\/ws1.jpg 1300w\" sizes=\"(max-width: 1170px) 100vw, 1170px\" \/><\/figure>\n\n\n\n<p><\/p>\n\n\n\n<p><strong>&nbsp;<\/strong><\/p>\n","protected":false},"excerpt":{"rendered":"<p>Oferujemy \u015bwiadczenie us\u0142ug polegaj\u0105cych na wynajmie kontener\u00f3w na odpady komunalne zmieszane i odpady budowlane wraz z transportem i utylizacj\u0105 odpad\u00f3w \u00a0Telefon: 16\/ 678 24 38, kom. 883 329 768 &nbsp;<\/p>\n","protected":false},"author":1,"featured_media":0,"parent":0,"menu_order":0,"comment_status":"closed","ping_status":"closed","template":"","meta":[],"_links":{"self":[{"href":"http:\/\/pgk.przemysl.pl\/index.php\/wp-json\/wp\/v2\/pages\/2980"}],"collection":[{"href":"http:\/\/pgk.przemysl.pl\/index.php\/wp-json\/wp\/v2\/pages"}],"about":[{"href":"http:\/\/pgk.przemysl.pl\/index.php\/wp-json\/wp\/v2\/types\/page"}],"author":[{"embeddable":true,"href":"http:\/\/pgk.przemysl.pl\/index.php\/wp-json\/wp\/v2\/users\/1"}],"replies":[{"embeddable":true,"href":"http:\/\/pgk.przemysl.pl\/index.php\/wp-json\/wp\/v2\/comments?post=2980"}],"version-history":[{"count":4,"href":"http:\/\/pgk.przemysl.pl\/index.php\/wp-json\/wp\/v2\/pages\/2980\/revisions"}],"predecessor-version":[{"id":3567,"href":"http:\/\/pgk.przemysl.pl\/index.php\/wp-json\/wp\/v2\/pages\/2980\/revisions\/3567"}],"wp:attachment":[{"href":"http:\/\/pgk.przemysl.pl\/index.php\/wp-json\/wp\/v2\/media?parent=2980"}],"curies":[{"name":"wp","href":"https:\/\/api.w.org\/{rel}","templated":true}]}}